{"id":12,"date":"2023-07-22T14:22:33","date_gmt":"2023-07-22T18:22:33","guid":{"rendered":"https:\/\/www.canadianringsport.ca\/home\/"},"modified":"2025-08-21T15:40:11","modified_gmt":"2025-08-21T19:40:11","slug":"home","status":"publish","type":"page","link":"https:\/\/www.canadianringsport.ca\/fr\/","title":{"rendered":"trial"},"content":{"rendered":"<div data-unsplash-id=\"SmJvTwiGTjs\" class=\"boldgrid-section\" style=\"background-image: url('https:\/\/www.canadianringsport.ca\/wp-content\/uploads\/2023\/08\/mojito-gunguard.jpg'); background-size: cover; background-position: 50% 80%;\" data-imhwpb-asset-id=\"821619\" data-image-url=\"https:\/\/www.canadianringsport.ca\/wp-content\/uploads\/2023\/07\/aHR0cHM6Ly9zb3VyY2UudW5zcGxhc2guY29tL1NtSnZUd2lHVGpzLzE5MjB4OTYw-imhwpb-yequ5dhpkyo7he6.jpg\">\n<div class=\"container-fluid\">\n<div class=\"row\" style=\"padding-top: 225px; padding-bottom: 275px;\">\n<div class=\"col-md-1 col-sm-1 col-xs-12 col-lg-1\">\n<p>&nbsp;<\/p>\n<\/div>\n<div class=\"col-md-11 col-xs-12 col-sm-11 col-lg-11\">\n<h2 class=\"h1\" style=\"color: #ffffff;\">Association Canadienne du Ring Fran\u00e7ais<\/h2>\n<p class=\"\">&nbsp;<\/p>\n<p class=\"\">&nbsp;<\/p>\n<h4 class=\"\" style=\"color: #ffffff;\">&nbsp;<\/h4>\n<p class=\"\"><a class=\"button-primary btn btn-color-1 btn-border-color-1 btn btn-color-1 btn-border-color-1\" href=\"https:\/\/www.canadianringsport.ca\/fr\/about\/\">Learn more <\/a><\/p>\n<\/div>\n<\/div>\n<\/div>\n<\/div>\n<div class=\"boldgrid-section\">\n<div class=\"container-fluid\">\n<div class=\"row\">\n<div class=\"col-md-1 col-sm-12 col-xs-12 col-lg-1\"><\/div>\n<div class=\"col-md-6 col-xs-12 col-sm-12 col-lg-6\">\n<div class=\"bg-box\" style=\"padding: 1em 2em;\">\n<h2 class=\"\">Repr\u00e9senter le Canada d'un oc\u00e9an \u00e0 l'autre<\/h2>\n<p class=\"\">Bienvenue sur le site officiel de l'Association Canadienne du Ring Fran\u00e7ais (ARC). Le Ring Fran\u00e7ais est un sport de haut niveau avec des tests d'athl\u00e9tisme, d'ob\u00e9issances complexes et des techniques de mordant demandant une connexion profonde entre le chien et son conducteur. L'association est en perp\u00e9tuelle \u00e9volution et collabore \u00e9troitement avec la Soci\u00e9t\u00e9 Centrale Canine, qui est la maison m\u00e8re du sport en France.<\/p>\n<p class=\"\">Tout ce dont vous aurez besoin pour joindre notre communaut\u00e9 se trouve sur notre site web tel que les r\u00e8gles, les politiques, les clubs, les concours, le classement et bien plus.<\/p>\n<p class=\"\">Rendez-vous sur le terrain!<\/p>\n<p class=\"\">&nbsp;<\/p>\n<p class=\"\" style=\"margin-bottom: 30px;\"><a class=\"button-primary btn btn-color-1 btn-border-color-1 btn btn-color-1 btn-border-color-1\" href=\"https:\/\/www.canadianringsport.ca\/fr\/resources\/\">Read more <\/a><\/p>\n<\/div>\n<\/div>\n<div class=\"col-md-4 col-sm-12 col-xs-12 color2-background-color color-2-text-contrast bg-background-color col-lg-4\">\n<div class=\"bg-box\" style=\"padding: 1em 2em;\">\n<h2 class=\"color4-color\">Fr\u00e9quemment Visit\u00e9s<\/h2>\n<p class=\"color4-color\"><i class=\"fa fa-play\" style=\"font-size: 12px; margin-left: 10px; margin-right: 10px;\"> <\/i><a href=\"https:\/\/www.canadianringsport.ca\/fr\/standings\/\">Classement<\/a><\/p>\n<p class=\"color4-color\"><i class=\"fa fa-play\" style=\"font-size: 12px; margin-left: 10px; margin-right: 10px;\"> <\/i><a href=\"https:\/\/www.canadianringsport.ca\/fr\/trial-results\/\">R\u00e9sultats des concours<\/a><\/p>\n<p class=\"color4-color\"><i class=\"fa fa-play\" style=\"font-size: 12px; margin-left: 10px; margin-right: 10px;\"> <\/i><a href=\"https:\/\/www.canadianringsport.ca\/fr\/scorebook-application\/\">Application - Carnet(s) de travail<\/a><\/p>\n<p class=\"color4-color\"><i class=\"fa fa-play\" style=\"font-size: 12px; margin-left: 10px; margin-right: 10px;\"> <\/i><a href=\"https:\/\/www.canadianringsport.ca\/fr\/membership-application\/\">Application pour devenir membre<\/a><\/p>\n<p class=\"color4-color\"><i class=\"fa fa-play\" style=\"font-size: 12px; margin-left: 10px; margin-right: 10px;\"> <\/i><a href=\"https:\/\/www.canadianringsport.ca\/fr\/official-french-ring-rules\/\">R\u00e8gles officielles du Ring<\/a><\/p>\n<\/div>\n<\/div>\n<div class=\"col-md-1 col-sm-12 col-xs-12 color2-background-color color-2-text-contrast bg-background-color col-lg-1\"><\/div>\n<\/div>\n<\/div>\n<\/div>\n<div class=\"boldgrid-section\" style=\"background-size: cover; background-repeat: repeat; background-position: 50% 89%; background-image: url('https:\/\/www.canadianringsport.ca\/wp-content\/uploads\/2025\/01\/BP7A4487.jpg');\" data-imhwpb-asset-id=\"821620\" data-image-url=\"https:\/\/www.canadianringsport.ca\/wp-content\/uploads\/2025\/01\/BP7A4487.jpg\" data-bg-color=\"\">\n<div class=\"container\">\n<div class=\"row\" style=\"padding-top: 39px; padding-bottom: 204px;\">\n<div class=\"col-md-6 col-xs-12 col-sm-12 col-lg-6\"><\/div>\n<\/div>\n<\/div>\n<\/div>\n<div class=\"boldgrid-section\">\n<div class=\"container-fluid\">\n<div class=\"row\" style=\"padding-bottom: 0px; padding-top: 22px;\">\n<div class=\"col-md-1 col-sm-1 col-xs-12 color2-background-color color-2-text-contrast bg-background-color col-lg-1\"><\/div>\n<div class=\"col-md-4 col-xs-12 col-sm-11 color2-background-color color-2-text-contrast bg-background-color col-lg-4\">\n<div class=\"bg-box\" style=\"padding: 1em 2em;\">\n<h2 class=\"\">\u00c9v\u00e8nements \u00e0 venir<\/h2>\n<\/div>\n<\/div>\n<div class=\"col-md-6 col-sm-12 col-xs-12 align-column-center col-lg-6\">\n<div class=\"bg-box\" style=\"padding: 1em 2em;\">\n<p class=\"\">The competitions &amp; events for the 2025 season are out. Stay tuned for more announcements with details and participation information.<\/p>\n<p class=\"\"><a class=\"button-primary btn btn-color-1 btn-border-color-1 btn btn-color-1 btn-border-color-1\" title=\"\u00c9v\u00e8nements\" href=\"https:\/\/www.canadianringsport.ca\/fr\/events\/\">Registration &amp; Details<br \/>\n<\/a><\/p>\n<\/div>\n<\/div>\n<div class=\"col-md-1 col-sm-12 col-xs-12 col-lg-1\"><\/div>\n<\/div>\n<\/div>\n<\/div>\n<div class=\"gallery-full-width boldgrid-section\">\n<div class=\"container-fluid\">\n<div class=\"row\" style=\"padding-top: 0px; padding-bottom: 17px;\">\n<div class=\"col-md-6 col-sm-6 col-xs-6 col-lg-6\">\n<p class=\"\">&nbsp;<\/p>\n<\/div>\n<div class=\"col-md-12 col-sm-12 col-xs-12 col-lg-12\">\n<div class=\"bg-box-cover bg-box-flush bg-box\">\n<p class=\"mod-reset\"><img loading=\"lazy\" decoding=\"async\" class=\"aligncenter wp-image-632 size-medium\" src=\"https:\/\/www.canadianringsport.ca\/wp-content\/uploads\/2024\/12\/0_1423_1701_1137_Ngah-05-scaled.jpg\" alt=\"\" width=\"1701\" height=\"1137\" data-imhwpb-asset-id=\"824644\"><\/p>\n<\/div>\n<\/div>\n<\/div>\n<h1 class=\"bg-blockquote border\" style=\"border-style: solid; border-width: 0px 0px 0px 4px; font-size: 40px;\"><strong class=\"\" style=\"line-height: 54px;\">Agility. Obedience. Protection<\/strong><\/h1>\n<\/div>\n<\/div>\n<div class=\"gallery-full-width tmpl-gallery-3 boldgrid-section dynamic-gridblock\">\n<div class=\"container-fluid\">\n<div class=\"row\">\n<div class=\"col-md-2 col-sm-4 col-xs-6 col-lg-2\">\n<div class=\"bg-box-cover bg-box-flush bg-box\">\n<p class=\"mod-reset\"><img loading=\"lazy\" decoding=\"async\" class=\"bg-img alignnone wp-image-52 size-medium\" src=\"https:\/\/www.canadianringsport.ca\/wp-content\/uploads\/2023\/07\/346_92_200_199.04988123515_mojito-basket-768x512.jpg\" alt=\"\" width=\"200\" height=\"199\" srcset=\"https:\/\/www.canadianringsport.ca\/wp-content\/uploads\/2023\/07\/346_92_200_199.04988123515_mojito-basket-768x512.jpg 200w, https:\/\/www.canadianringsport.ca\/wp-content\/uploads\/2023\/07\/mojito-basket-150x150.jpg 150w, https:\/\/www.canadianringsport.ca\/wp-content\/uploads\/2023\/07\/mojito-basket-48x48.jpg 48w, https:\/\/www.canadianringsport.ca\/wp-content\/uploads\/2023\/07\/mojito-basket-300x300.jpg 300w\" sizes=\"auto, (max-width: 200px) 100vw, 200px\" \/><\/p>\n<\/div>\n<\/div>\n<div class=\"col-md-2 col-sm-4 col-xs-6 col-lg-2\">\n<div class=\"bg-box-cover bg-box-flush bg-box\">\n<p class=\"mod-reset\"><img loading=\"lazy\" decoding=\"async\" class=\"bg-img aligncenter wp-image-637 size-medium\" src=\"https:\/\/www.canadianringsport.ca\/wp-content\/uploads\/2024\/12\/0_232_200_199.12023460411_IMG_3868-683x1024.jpg\" alt=\"\" width=\"200\" height=\"199\" srcset=\"https:\/\/www.canadianringsport.ca\/wp-content\/uploads\/2024\/12\/0_232_200_199.12023460411_IMG_3868-683x1024.jpg 200w, https:\/\/www.canadianringsport.ca\/wp-content\/uploads\/2024\/12\/IMG_3868-150x150.jpg 150w, https:\/\/www.canadianringsport.ca\/wp-content\/uploads\/2024\/12\/IMG_3868-48x48.jpg 48w, https:\/\/www.canadianringsport.ca\/wp-content\/uploads\/2024\/12\/IMG_3868-300x300.jpg 300w, https:\/\/www.canadianringsport.ca\/wp-content\/uploads\/2024\/12\/0_67_125_125_IMG_3868-200x300.jpg 125w\" sizes=\"auto, (max-width: 200px) 100vw, 200px\" \/><\/p>\n<\/div>\n<\/div>\n<div class=\"col-md-2 col-sm-4 col-xs-6 col-lg-2\">\n<div class=\"bg-box-cover bg-box-flush bg-box\">\n<p class=\"mod-reset\"><img loading=\"lazy\" decoding=\"async\" class=\"bg-img alignnone wp-image-631 size-medium\" src=\"https:\/\/www.canadianringsport.ca\/wp-content\/uploads\/2024\/12\/0_114_200_199.73890339426_295056585_1037233030486944_646531478730282064_n-768x879.jpg\" alt=\"\" width=\"200\" height=\"199\" srcset=\"https:\/\/www.canadianringsport.ca\/wp-content\/uploads\/2024\/12\/0_114_200_199.73890339426_295056585_1037233030486944_646531478730282064_n-768x879.jpg 200w, https:\/\/www.canadianringsport.ca\/wp-content\/uploads\/2024\/12\/295056585_1037233030486944_646531478730282064_n-150x150.jpg 150w, https:\/\/www.canadianringsport.ca\/wp-content\/uploads\/2024\/12\/295056585_1037233030486944_646531478730282064_n-48x48.jpg 48w, https:\/\/www.canadianringsport.ca\/wp-content\/uploads\/2024\/12\/295056585_1037233030486944_646531478730282064_n-300x300.jpg 300w\" sizes=\"auto, (max-width: 200px) 100vw, 200px\" \/><\/p>\n<\/div>\n<\/div>\n<div class=\"col-md-2 col-sm-4 col-xs-6 col-lg-2\">\n<div class=\"bg-box-cover bg-box-flush bg-box\">\n<p class=\"mod-reset\"><img loading=\"lazy\" decoding=\"async\" class=\"bg-img alignnone wp-image-218 size-medium\" src=\"https:\/\/www.canadianringsport.ca\/wp-content\/uploads\/2023\/08\/127_0_200_199.22027290448_DSC_8129-768x512.jpg\" alt=\"\" width=\"200\" height=\"199\" srcset=\"https:\/\/www.canadianringsport.ca\/wp-content\/uploads\/2023\/08\/127_0_200_199.22027290448_DSC_8129-768x512.jpg 200w, https:\/\/www.canadianringsport.ca\/wp-content\/uploads\/2023\/08\/DSC_8129-150x150.jpg 150w, https:\/\/www.canadianringsport.ca\/wp-content\/uploads\/2023\/08\/DSC_8129-48x48.jpg 48w, https:\/\/www.canadianringsport.ca\/wp-content\/uploads\/2023\/08\/DSC_8129-300x300.jpg 300w\" sizes=\"auto, (max-width: 200px) 100vw, 200px\" \/><\/p>\n<\/div>\n<\/div>\n<div class=\"col-md-2 col-sm-4 col-xs-6 col-lg-2\">\n<div class=\"bg-box-cover bg-box-flush bg-box\">\n<p class=\"mod-reset\"><img loading=\"lazy\" decoding=\"async\" class=\"bg-img aligncenter wp-image-634 size-medium\" src=\"https:\/\/www.canadianringsport.ca\/wp-content\/uploads\/2024\/12\/154_0_200.41055718475_201_IMG_3995-1024x683.jpg\" alt=\"\" width=\"200\" height=\"201\" srcset=\"https:\/\/www.canadianringsport.ca\/wp-content\/uploads\/2024\/12\/154_0_200.41055718475_201_IMG_3995-1024x683.jpg 200w, https:\/\/www.canadianringsport.ca\/wp-content\/uploads\/2024\/12\/IMG_3995-150x150.jpg 150w, https:\/\/www.canadianringsport.ca\/wp-content\/uploads\/2024\/12\/IMG_3995-48x48.jpg 48w, https:\/\/www.canadianringsport.ca\/wp-content\/uploads\/2024\/12\/IMG_3995-300x300.jpg 300w\" sizes=\"auto, (max-width: 200px) 100vw, 200px\" \/><\/p>\n<\/div>\n<\/div>\n<div class=\"col-md-2 col-sm-4 col-xs-6 col-lg-2\">\n<div class=\"bg-box-cover bg-box-flush bg-box\">\n<p class=\"mod-reset\"><img loading=\"lazy\" decoding=\"async\" class=\"bg-img alignnone wp-image-675 size-medium\" src=\"https:\/\/www.canadianringsport.ca\/wp-content\/uploads\/2025\/01\/17_0_200_199.609375_BP7A4006-768x512.jpg\" alt=\"\" width=\"200\" height=\"199\" srcset=\"https:\/\/www.canadianringsport.ca\/wp-content\/uploads\/2025\/01\/17_0_200_199.609375_BP7A4006-768x512.jpg 200w, https:\/\/www.canadianringsport.ca\/wp-content\/uploads\/2025\/01\/BP7A4006-150x150.jpg 150w, https:\/\/www.canadianringsport.ca\/wp-content\/uploads\/2025\/01\/BP7A4006-48x48.jpg 48w, https:\/\/www.canadianringsport.ca\/wp-content\/uploads\/2025\/01\/BP7A4006-300x300.jpg 300w\" sizes=\"auto, (max-width: 200px) 100vw, 200px\" \/><\/p>\n<\/div>\n<\/div>\n<\/div>\n<\/div>\n<\/div>\n<div class=\"tmpl-pricing_tables-3 boldgrid-section dynamic-gridblock\" style=\"background-color: var(--color-2); color: var(--color-2-text-contrast);\" data-bg-color=\"var(--color-2)\" data-image-url=\"\">\n<div class=\"container\">\n<div class=\"row color4-background-color color-4-text-contrast bg-background-color color2-border-color\" style=\"margin-top: 30px; margin-bottom: 20px; border: 1px solid; padding-top: 0px; padding-bottom: 14px;\">\n<div class=\"col-md-3 col-xs-12 col-sm-12 col-lg-3\">\n<div class=\"bg-box-cover bg-box\" style=\"padding: 2em;\">\n<h2 style=\"text-align: center; margin: 20px 0;\">Membership<\/h2>\n<\/div>\n<\/div>\n<div class=\"col-md-1 col-xs-12 col-sm-4 align-column-center col-lg-6\">\n<div class=\"\">\n<ul class=\"\" style=\"text-align: center; margin-top: 15px;\">\n<li>Compete in any French Ring trial (More details on the link)<\/li>\n<li>Access to the CRA Members Facebook Group<\/li>\n<li>Support French Ring in Canada!<br \/>\n&nbsp;<\/li>\n<\/ul>\n<\/div>\n<\/div>\n<div class=\"col-md-5 col-xs-12 col-sm-4 align-column-center col-lg-3\">\n<div class=\"\">\n<p class=\"\" style=\"text-align: center;\">&nbsp;Join us!<\/p>\n<p class=\"\" style=\"text-align: center;\"><a class=\"btn-color-2 btn btn-capitalize btn-pill btn-3d btn-large\" style=\"margin-bottom: 15px;\" title=\"Application pour devenir membre\" href=\"https:\/\/www.canadianringsport.ca\/fr\/membership-application\/\">Become A Member<br \/>\n<\/a><\/p>\n<\/div>\n<\/div>\n<\/div>\n<div class=\"row color4-background-color color-4-text-contrast bg-background-color color2-border-color\" style=\"margin-top: 30px; margin-bottom: 20px; border: 1px solid; padding-bottom: 11px;\">\n<div class=\"col-md-3 col-xs-12 col-sm-12 col-lg-3\">\n<div class=\"bg-box-cover bg-box\" style=\"padding: 2em;\">\n<h1 style=\"text-align: center; margin: 20px 0;\">Scorebook<\/h1>\n<\/div>\n<\/div>\n<div class=\"col-md-3 col-xs-12 col-sm-4 align-column-center col-lg-6\">\n<ul class=\"\" style=\"text-align: center; margin-top: 15px;\">\n<li>Ensure a dog\u2019s eligibility for competitions.<br \/>\n&nbsp;<br \/>\n&nbsp;<\/li>\n<\/ul>\n<\/div>\n<div class=\"col-md-3 col-xs-12 col-sm-4 align-column-center col-lg-3\">\n<p class=\"\" style=\"text-align: center;\"><a class=\"btn-color-2 btn btn-capitalize btn-pill btn-3d btn-large\" style=\"margin-bottom: 15px;\" title=\"Application - Carnet(s) de travail\" href=\"https:\/\/www.canadianringsport.ca\/fr\/scorebook-application\/\">Scorebook application<br \/>\n<\/a><\/p>\n<\/div>\n<\/div>\n<\/div>\n<\/div>","protected":false},"excerpt":{"rendered":"<p>&nbsp; Canadian Ringsport Association &nbsp; &nbsp; &nbsp; Learn more Representing Canada, Coast to Coast Welcome to the official home of the Canadian Ringsport Association (CRA)! French Ring is a powerful<\/p>\n<div class=\"read-more\"><a class=\"btn button-secondary\" href=\"https:\/\/www.canadianringsport.ca\/fr\/\">Read More<\/a><\/div>","protected":false},"author":1,"featured_media":0,"parent":0,"menu_order":0,"comment_status":"closed","ping_status":"closed","template":"","meta":{"bgseo_title":"Canadian Ringsport Association","bgseo_description":"Welcome to the official website of the Canadian Ringsport Association, home of French Ring in the north. Learn more about our sport and organization.","bgseo_robots_index":"index","bgseo_robots_follow":"follow","crio-premium-page-header-override":null,"crio-premium-page-header-select":"none","crio-premium-page-header-featured-image-background":"0","crio-premium-page-header-background":"","footnotes":""},"class_list":["post-12","page","type-page","status-publish"],"aioseo_notices":[],"_links":{"self":[{"href":"https:\/\/www.canadianringsport.ca\/fr\/wp-json\/wp\/v2\/pages\/12","targetHints":{"allow":["GET"]}}],"collection":[{"href":"https:\/\/www.canadianringsport.ca\/fr\/wp-json\/wp\/v2\/pages"}],"about":[{"href":"https:\/\/www.canadianringsport.ca\/fr\/wp-json\/wp\/v2\/types\/page"}],"author":[{"embeddable":true,"href":"https:\/\/www.canadianringsport.ca\/fr\/wp-json\/wp\/v2\/users\/1"}],"replies":[{"embeddable":true,"href":"https:\/\/www.canadianringsport.ca\/fr\/wp-json\/wp\/v2\/comments?post=12"}],"version-history":[{"count":11,"href":"https:\/\/www.canadianringsport.ca\/fr\/wp-json\/wp\/v2\/pages\/12\/revisions"}],"predecessor-version":[{"id":628,"href":"https:\/\/www.canadianringsport.ca\/fr\/wp-json\/wp\/v2\/pages\/12\/revisions\/628"}],"wp:attachment":[{"href":"https:\/\/www.canadianringsport.ca\/fr\/wp-json\/wp\/v2\/media?parent=12"}],"curies":[{"name":"wp","href":"https:\/\/api.w.org\/{rel}","templated":true}]}}